{"id":9561,"date":"2023-05-11T07:29:31","date_gmt":"2023-05-11T06:29:31","guid":{"rendered":"https:\/\/www.signaturebya.com\/?post_type=product&#038;p=9561"},"modified":"2024-06-22T17:20:35","modified_gmt":"2024-06-22T16:20:35","slug":"vase-sculptural-flow-argente","status":"publish","type":"product","link":"https:\/\/www.signaturebya.com\/?product=vase-sculptural-flow-argente","title":{"rendered":"Vase Sculptural &lsquo;Flow&rsquo; Argent\u00e9"},"content":{"rendered":"","protected":false},"excerpt":{"rendered":"<p>Le magnifique vase sculptural FLOW est un must-have \u00e0 la maison. Les formes et les courbes \u00e9l\u00e9gantes rendent ce vase unique, car il change continuellement en fonction de l&rsquo;angle sous lequel il est vu.<\/p>\n<p>Un cadeau \u00e0 offrir? Le set de 2 vases Flow est une excellente id\u00e9e!<\/p>\n[video width=\"540\" height=\"540\" mp4=\"https:\/\/www.signaturebya.com\/wp-content\/uploads\/2023\/05\/vase-a-4-feuilles.mp4\"][\/video]\n","protected":false},"featured_media":9570,"comment_status":"open","ping_status":"closed","template":"","meta":[],"product_cat":[103,105,104,188,111],"product_tag":[],"_links":{"self":[{"href":"https:\/\/www.signaturebya.com\/index.php?rest_route=\/wp\/v2\/product\/9561"}],"collection":[{"href":"https:\/\/www.signaturebya.com\/index.php?rest_route=\/wp\/v2\/product"}],"about":[{"href":"https:\/\/www.signaturebya.com\/index.php?rest_route=\/wp\/v2\/types\/product"}],"replies":[{"embeddable":true,"href":"https:\/\/www.signaturebya.com\/index.php?rest_route=%2Fwp%2Fv2%2Fcomments&post=9561"}],"wp:featuredmedia":[{"embeddable":true,"href":"https:\/\/www.signaturebya.com\/index.php?rest_route=\/wp\/v2\/media\/9570"}],"wp:attachment":[{"href":"https:\/\/www.signaturebya.com\/index.php?rest_route=%2Fwp%2Fv2%2Fmedia&parent=9561"}],"wp:term":[{"taxonomy":"product_cat","embeddable":true,"href":"https:\/\/www.signaturebya.com\/index.php?rest_route=%2Fwp%2Fv2%2Fproduct_cat&post=9561"},{"taxonomy":"product_tag","embeddable":true,"href":"https:\/\/www.signaturebya.com\/index.php?rest_route=%2Fwp%2Fv2%2Fproduct_tag&post=9561"}],"curies":[{"name":"wp","href":"https:\/\/api.w.org\/{rel}","templated":true}]}}