{"id":9584,"date":"2023-05-12T22:01:28","date_gmt":"2023-05-12T21:01:28","guid":{"rendered":"https:\/\/www.signaturebya.com\/?post_type=product&#038;p=9584"},"modified":"2023-05-14T11:21:49","modified_gmt":"2023-05-14T10:21:49","slug":"vase-argente-asymetrique","status":"publish","type":"product","link":"https:\/\/www.signaturebya.com\/?product=vase-argente-asymetrique","title":{"rendered":"Vase Argent\u00e9 Asym\u00e9trique"},"content":{"rendered":"","protected":false},"excerpt":{"rendered":"<p>Sublimez votre int\u00e9rieur avec ce vase \u00e0 fleurs moderne de forme asym\u00e9trique. Avec sa surface argent\u00e9e r\u00e9fl\u00e9chissante, il ne manquera pas d&rsquo;attirer l&rsquo;attention de vos invit\u00e9s. Vous pouvez y ajouter des fleurs fra\u00eeches ou un bouquet s\u00e9ch\u00e9 pour mettre en valeur sa beaut\u00e9.<\/p>\n","protected":false},"featured_media":9587,"comment_status":"open","ping_status":"closed","template":"","meta":[],"product_cat":[103,105,104,188,111],"product_tag":[],"_links":{"self":[{"href":"https:\/\/www.signaturebya.com\/index.php?rest_route=\/wp\/v2\/product\/9584"}],"collection":[{"href":"https:\/\/www.signaturebya.com\/index.php?rest_route=\/wp\/v2\/product"}],"about":[{"href":"https:\/\/www.signaturebya.com\/index.php?rest_route=\/wp\/v2\/types\/product"}],"replies":[{"embeddable":true,"href":"https:\/\/www.signaturebya.com\/index.php?rest_route=%2Fwp%2Fv2%2Fcomments&post=9584"}],"wp:featuredmedia":[{"embeddable":true,"href":"https:\/\/www.signaturebya.com\/index.php?rest_route=\/wp\/v2\/media\/9587"}],"wp:attachment":[{"href":"https:\/\/www.signaturebya.com\/index.php?rest_route=%2Fwp%2Fv2%2Fmedia&parent=9584"}],"wp:term":[{"taxonomy":"product_cat","embeddable":true,"href":"https:\/\/www.signaturebya.com\/index.php?rest_route=%2Fwp%2Fv2%2Fproduct_cat&post=9584"},{"taxonomy":"product_tag","embeddable":true,"href":"https:\/\/www.signaturebya.com\/index.php?rest_route=%2Fwp%2Fv2%2Fproduct_tag&post=9584"}],"curies":[{"name":"wp","href":"https:\/\/api.w.org\/{rel}","templated":true}]}}