{"id":9596,"date":"2023-05-12T22:25:44","date_gmt":"2023-05-12T21:25:44","guid":{"rendered":"https:\/\/www.signaturebya.com\/?post_type=product&#038;p=9596"},"modified":"2024-03-03T16:59:42","modified_gmt":"2024-03-03T15:59:42","slug":"vase-noir-a-double-formes-copie","status":"publish","type":"product","link":"https:\/\/www.signaturebya.com\/?product=vase-noir-a-double-formes-copie","title":{"rendered":"Vase Blanc \u00e0 Double Formes"},"content":{"rendered":"","protected":false},"excerpt":{"rendered":"<p>Chic, chic, chic&#8230;tel est comment on peut d\u00e9crire ce magnifique vase en c\u00e9ramique \u00e0 la texture naturelle et granuleuse.<\/p>\n[video width=\"540\" height=\"540\" mp4=\"https:\/\/www.signaturebya.com\/wp-content\/uploads\/2023\/05\/vase-noir-granuleux.mp4\"][\/video]\n","protected":false},"featured_media":11159,"comment_status":"open","ping_status":"closed","template":"","meta":[],"product_cat":[103,105,104,112],"product_tag":[],"_links":{"self":[{"href":"https:\/\/www.signaturebya.com\/index.php?rest_route=\/wp\/v2\/product\/9596"}],"collection":[{"href":"https:\/\/www.signaturebya.com\/index.php?rest_route=\/wp\/v2\/product"}],"about":[{"href":"https:\/\/www.signaturebya.com\/index.php?rest_route=\/wp\/v2\/types\/product"}],"replies":[{"embeddable":true,"href":"https:\/\/www.signaturebya.com\/index.php?rest_route=%2Fwp%2Fv2%2Fcomments&post=9596"}],"wp:featuredmedia":[{"embeddable":true,"href":"https:\/\/www.signaturebya.com\/index.php?rest_route=\/wp\/v2\/media\/11159"}],"wp:attachment":[{"href":"https:\/\/www.signaturebya.com\/index.php?rest_route=%2Fwp%2Fv2%2Fmedia&parent=9596"}],"wp:term":[{"taxonomy":"product_cat","embeddable":true,"href":"https:\/\/www.signaturebya.com\/index.php?rest_route=%2Fwp%2Fv2%2Fproduct_cat&post=9596"},{"taxonomy":"product_tag","embeddable":true,"href":"https:\/\/www.signaturebya.com\/index.php?rest_route=%2Fwp%2Fv2%2Fproduct_tag&post=9596"}],"curies":[{"name":"wp","href":"https:\/\/api.w.org\/{rel}","templated":true}]}}