{"id":9605,"date":"2023-05-13T10:09:14","date_gmt":"2023-05-13T09:09:14","guid":{"rendered":"https:\/\/www.signaturebya.com\/?post_type=product&#038;p=9605"},"modified":"2024-01-30T09:53:42","modified_gmt":"2024-01-30T08:53:42","slug":"vases-blancs-peints-a-la-main","status":"publish","type":"product","link":"https:\/\/www.signaturebya.com\/?product=vases-blancs-peints-a-la-main","title":{"rendered":"Vases Blancs Peints \u00e0 la Main"},"content":{"rendered":"","protected":false},"excerpt":{"rendered":"<p>Coup d&rsquo;coeur garanti pour ces vases blancs et noirs, peints \u00e0 la pain! ON ADORE&#8230;l&rsquo;originalit\u00e9 de leur forme, la simplicit\u00e9 de leur dessin. Tr\u00e8s beau cadeau \u00e0 offrir ou \u00e0 s&rsquo;offrir.<\/p>\n<p>Veuillez s\u00e9lectionner les dimensions de votre choix dans &lsquo;choisir une option&rsquo; ci-dessous:<\/p>\n","protected":false},"featured_media":9607,"comment_status":"open","ping_status":"closed","template":"","meta":[],"product_cat":[103,105,104,111,112],"product_tag":[],"_links":{"self":[{"href":"https:\/\/www.signaturebya.com\/index.php?rest_route=\/wp\/v2\/product\/9605"}],"collection":[{"href":"https:\/\/www.signaturebya.com\/index.php?rest_route=\/wp\/v2\/product"}],"about":[{"href":"https:\/\/www.signaturebya.com\/index.php?rest_route=\/wp\/v2\/types\/product"}],"replies":[{"embeddable":true,"href":"https:\/\/www.signaturebya.com\/index.php?rest_route=%2Fwp%2Fv2%2Fcomments&post=9605"}],"wp:featuredmedia":[{"embeddable":true,"href":"https:\/\/www.signaturebya.com\/index.php?rest_route=\/wp\/v2\/media\/9607"}],"wp:attachment":[{"href":"https:\/\/www.signaturebya.com\/index.php?rest_route=%2Fwp%2Fv2%2Fmedia&parent=9605"}],"wp:term":[{"taxonomy":"product_cat","embeddable":true,"href":"https:\/\/www.signaturebya.com\/index.php?rest_route=%2Fwp%2Fv2%2Fproduct_cat&post=9605"},{"taxonomy":"product_tag","embeddable":true,"href":"https:\/\/www.signaturebya.com\/index.php?rest_route=%2Fwp%2Fv2%2Fproduct_tag&post=9605"}],"curies":[{"name":"wp","href":"https:\/\/api.w.org\/{rel}","templated":true}]}}