{"id":9622,"date":"2023-05-14T11:17:47","date_gmt":"2023-05-14T10:17:47","guid":{"rendered":"https:\/\/www.signaturebya.com\/?post_type=product&#038;p=9622"},"modified":"2023-06-01T12:35:05","modified_gmt":"2023-06-01T11:35:05","slug":"vase-polka-a-col-large","status":"publish","type":"product","link":"https:\/\/www.signaturebya.com\/?product=vase-polka-a-col-large","title":{"rendered":"Vase Polka \u00e0 Col Large"},"content":{"rendered":"","protected":false},"excerpt":{"rendered":"<p>Fait et peint \u00e0 la main, le vase Polka repr\u00e9sente parfaitement la tendance noir et blanc. Avec sa forme originale, et ses &lsquo;Polka Dots&rsquo;, il apportera une \u00e9nergie positive, une touche moderne et contemporaine \u00e0 votre int\u00e9rieur. Il est conseill\u00e9 de l&rsquo;associer au &lsquo;Vase Polka Peint \u00e0 la Main &lsquo;pour un meilleur rendu.<\/p>\n<p>Dimensions: 29 *29*13,5 cm<\/p>\n","protected":false},"featured_media":9624,"comment_status":"open","ping_status":"closed","template":"","meta":[],"product_cat":[104,112],"product_tag":[],"_links":{"self":[{"href":"https:\/\/www.signaturebya.com\/index.php?rest_route=\/wp\/v2\/product\/9622"}],"collection":[{"href":"https:\/\/www.signaturebya.com\/index.php?rest_route=\/wp\/v2\/product"}],"about":[{"href":"https:\/\/www.signaturebya.com\/index.php?rest_route=\/wp\/v2\/types\/product"}],"replies":[{"embeddable":true,"href":"https:\/\/www.signaturebya.com\/index.php?rest_route=%2Fwp%2Fv2%2Fcomments&post=9622"}],"wp:featuredmedia":[{"embeddable":true,"href":"https:\/\/www.signaturebya.com\/index.php?rest_route=\/wp\/v2\/media\/9624"}],"wp:attachment":[{"href":"https:\/\/www.signaturebya.com\/index.php?rest_route=%2Fwp%2Fv2%2Fmedia&parent=9622"}],"wp:term":[{"taxonomy":"product_cat","embeddable":true,"href":"https:\/\/www.signaturebya.com\/index.php?rest_route=%2Fwp%2Fv2%2Fproduct_cat&post=9622"},{"taxonomy":"product_tag","embeddable":true,"href":"https:\/\/www.signaturebya.com\/index.php?rest_route=%2Fwp%2Fv2%2Fproduct_tag&post=9622"}],"curies":[{"name":"wp","href":"https:\/\/api.w.org\/{rel}","templated":true}]}}