{"id":9630,"date":"2023-05-14T18:02:55","date_gmt":"2023-05-14T17:02:55","guid":{"rendered":"https:\/\/www.signaturebya.com\/?post_type=product&#038;p=9630"},"modified":"2023-06-01T12:31:29","modified_gmt":"2023-06-01T11:31:29","slug":"pot-decoratif-peint-a-la-main","status":"publish","type":"product","link":"https:\/\/www.signaturebya.com\/?product=pot-decoratif-peint-a-la-main","title":{"rendered":"Pot D\u00e9coratif Peint \u00e0 la Main"},"content":{"rendered":"","protected":false},"excerpt":{"rendered":"<p>Ce pot d\u00e9coratif est simple et chic. \u00c0 disposer sur l&rsquo;\u00e9tag\u00e8re d&rsquo;une tr\u00e8s jolie biblioth\u00e8que, minimaliste et moderne. Il serait id\u00e9al de l&rsquo;accompagner de l&rsquo;assiette d\u00e9corative du m\u00eame motif, le rendu sera encore plus harmonieux.<\/p>\n<p>Dimensions: 16*16*11 cm<\/p>\n","protected":false},"featured_media":9631,"comment_status":"open","ping_status":"closed","template":"","meta":[],"product_cat":[103,105,110,112],"product_tag":[],"_links":{"self":[{"href":"https:\/\/www.signaturebya.com\/index.php?rest_route=\/wp\/v2\/product\/9630"}],"collection":[{"href":"https:\/\/www.signaturebya.com\/index.php?rest_route=\/wp\/v2\/product"}],"about":[{"href":"https:\/\/www.signaturebya.com\/index.php?rest_route=\/wp\/v2\/types\/product"}],"replies":[{"embeddable":true,"href":"https:\/\/www.signaturebya.com\/index.php?rest_route=%2Fwp%2Fv2%2Fcomments&post=9630"}],"wp:featuredmedia":[{"embeddable":true,"href":"https:\/\/www.signaturebya.com\/index.php?rest_route=\/wp\/v2\/media\/9631"}],"wp:attachment":[{"href":"https:\/\/www.signaturebya.com\/index.php?rest_route=%2Fwp%2Fv2%2Fmedia&parent=9630"}],"wp:term":[{"taxonomy":"product_cat","embeddable":true,"href":"https:\/\/www.signaturebya.com\/index.php?rest_route=%2Fwp%2Fv2%2Fproduct_cat&post=9630"},{"taxonomy":"product_tag","embeddable":true,"href":"https:\/\/www.signaturebya.com\/index.php?rest_route=%2Fwp%2Fv2%2Fproduct_tag&post=9630"}],"curies":[{"name":"wp","href":"https:\/\/api.w.org\/{rel}","templated":true}]}}