{"id":9633,"date":"2023-05-14T18:10:28","date_gmt":"2023-05-14T17:10:28","guid":{"rendered":"https:\/\/www.signaturebya.com\/?post_type=product&#038;p=9633"},"modified":"2023-06-01T12:33:00","modified_gmt":"2023-06-01T11:33:00","slug":"bol-decoratif-peint-a-la-main","status":"publish","type":"product","link":"https:\/\/www.signaturebya.com\/?product=bol-decoratif-peint-a-la-main","title":{"rendered":"Bol D\u00e9coratif Peint \u00e0 la Main"},"content":{"rendered":"","protected":false},"excerpt":{"rendered":"<p>Ce bol d\u00e9coratif peut \u00eatre dispos\u00e9 sur une console d&rsquo;entr\u00e9e, et peut accueillir vos cl\u00e9s, lunettes et autres objets utilis\u00e9s quotidiennement. Le r\u00e9sultat est tr\u00e8s joli quand il est associ\u00e9 au bol d\u00e9coratif ayant les m\u00eames dessins.<\/p>\n<p>Dimensions 16* 16* 11 cm<\/p>\n","protected":false},"featured_media":9632,"comment_status":"open","ping_status":"closed","template":"","meta":[],"product_cat":[103,105,110,112],"product_tag":[],"_links":{"self":[{"href":"https:\/\/www.signaturebya.com\/index.php?rest_route=\/wp\/v2\/product\/9633"}],"collection":[{"href":"https:\/\/www.signaturebya.com\/index.php?rest_route=\/wp\/v2\/product"}],"about":[{"href":"https:\/\/www.signaturebya.com\/index.php?rest_route=\/wp\/v2\/types\/product"}],"replies":[{"embeddable":true,"href":"https:\/\/www.signaturebya.com\/index.php?rest_route=%2Fwp%2Fv2%2Fcomments&post=9633"}],"wp:featuredmedia":[{"embeddable":true,"href":"https:\/\/www.signaturebya.com\/index.php?rest_route=\/wp\/v2\/media\/9632"}],"wp:attachment":[{"href":"https:\/\/www.signaturebya.com\/index.php?rest_route=%2Fwp%2Fv2%2Fmedia&parent=9633"}],"wp:term":[{"taxonomy":"product_cat","embeddable":true,"href":"https:\/\/www.signaturebya.com\/index.php?rest_route=%2Fwp%2Fv2%2Fproduct_cat&post=9633"},{"taxonomy":"product_tag","embeddable":true,"href":"https:\/\/www.signaturebya.com\/index.php?rest_route=%2Fwp%2Fv2%2Fproduct_tag&post=9633"}],"curies":[{"name":"wp","href":"https:\/\/api.w.org\/{rel}","templated":true}]}}