{"id":9654,"date":"2023-05-14T20:19:47","date_gmt":"2023-05-14T19:19:47","guid":{"rendered":"https:\/\/www.signaturebya.com\/?post_type=product&#038;p=9654"},"modified":"2024-10-20T13:31:24","modified_gmt":"2024-10-20T12:31:24","slug":"boites-decoratives-en-resine","status":"publish","type":"product","link":"https:\/\/www.signaturebya.com\/?product=boites-decoratives-en-resine","title":{"rendered":"Bo\u00eetes D\u00e9coratives en R\u00e9sine"},"content":{"rendered":"","protected":false},"excerpt":{"rendered":"<p>Pour les fans du style et tons minimalistes, ceci est pour vous! Ces bo\u00eetes d\u00e9corative \u00e0 l&rsquo;effet pierre sont fabriqu\u00e9es \u00e0 base r\u00e9sine. Leur texture ext\u00e9rieure rugueuse leur donne un aspect naturel et authentique. Leur beaut\u00e9 est dans leur simplicit\u00e9.<\/p>\n<p>Veuillez s\u00e9lectionner les dimensions de votre choix dans &lsquo;choisir une option&rsquo; ci-dessous:<\/p>\n","protected":false},"featured_media":9655,"comment_status":"open","ping_status":"closed","template":"","meta":[],"product_cat":[103,119,105,111],"product_tag":[],"_links":{"self":[{"href":"https:\/\/www.signaturebya.com\/index.php?rest_route=\/wp\/v2\/product\/9654"}],"collection":[{"href":"https:\/\/www.signaturebya.com\/index.php?rest_route=\/wp\/v2\/product"}],"about":[{"href":"https:\/\/www.signaturebya.com\/index.php?rest_route=\/wp\/v2\/types\/product"}],"replies":[{"embeddable":true,"href":"https:\/\/www.signaturebya.com\/index.php?rest_route=%2Fwp%2Fv2%2Fcomments&post=9654"}],"wp:featuredmedia":[{"embeddable":true,"href":"https:\/\/www.signaturebya.com\/index.php?rest_route=\/wp\/v2\/media\/9655"}],"wp:attachment":[{"href":"https:\/\/www.signaturebya.com\/index.php?rest_route=%2Fwp%2Fv2%2Fmedia&parent=9654"}],"wp:term":[{"taxonomy":"product_cat","embeddable":true,"href":"https:\/\/www.signaturebya.com\/index.php?rest_route=%2Fwp%2Fv2%2Fproduct_cat&post=9654"},{"taxonomy":"product_tag","embeddable":true,"href":"https:\/\/www.signaturebya.com\/index.php?rest_route=%2Fwp%2Fv2%2Fproduct_tag&post=9654"}],"curies":[{"name":"wp","href":"https:\/\/api.w.org\/{rel}","templated":true}]}}