{"id":9677,"date":"2023-05-18T17:04:54","date_gmt":"2023-05-18T16:04:54","guid":{"rendered":"https:\/\/www.signaturebya.com\/?post_type=product&#038;p=9677"},"modified":"2024-11-18T08:31:49","modified_gmt":"2024-11-18T07:31:49","slug":"objet-decoratif-noir-a-carreaux","status":"publish","type":"product","link":"https:\/\/www.signaturebya.com\/?product=objet-decoratif-noir-a-carreaux","title":{"rendered":"Objet D\u00e9coratif Noir \u00e0 Carreaux"},"content":{"rendered":"","protected":false},"excerpt":{"rendered":"<p>Un article noir et blanc, fabriqu\u00e9 \u00e0 base de c\u00e9ramique, tendance et original. Existe \u00e9galement en blanc.<\/p>\n<p>Dimensions: 10 * 11,5 * 20 cm<\/p>\n","protected":false},"featured_media":9670,"comment_status":"open","ping_status":"closed","template":"","meta":[],"product_cat":[103,105,112],"product_tag":[],"_links":{"self":[{"href":"https:\/\/www.signaturebya.com\/index.php?rest_route=\/wp\/v2\/product\/9677"}],"collection":[{"href":"https:\/\/www.signaturebya.com\/index.php?rest_route=\/wp\/v2\/product"}],"about":[{"href":"https:\/\/www.signaturebya.com\/index.php?rest_route=\/wp\/v2\/types\/product"}],"replies":[{"embeddable":true,"href":"https:\/\/www.signaturebya.com\/index.php?rest_route=%2Fwp%2Fv2%2Fcomments&post=9677"}],"wp:featuredmedia":[{"embeddable":true,"href":"https:\/\/www.signaturebya.com\/index.php?rest_route=\/wp\/v2\/media\/9670"}],"wp:attachment":[{"href":"https:\/\/www.signaturebya.com\/index.php?rest_route=%2Fwp%2Fv2%2Fmedia&parent=9677"}],"wp:term":[{"taxonomy":"product_cat","embeddable":true,"href":"https:\/\/www.signaturebya.com\/index.php?rest_route=%2Fwp%2Fv2%2Fproduct_cat&post=9677"},{"taxonomy":"product_tag","embeddable":true,"href":"https:\/\/www.signaturebya.com\/index.php?rest_route=%2Fwp%2Fv2%2Fproduct_tag&post=9677"}],"curies":[{"name":"wp","href":"https:\/\/api.w.org\/{rel}","templated":true}]}}