{"id":9684,"date":"2023-05-24T19:29:13","date_gmt":"2023-05-24T18:29:13","guid":{"rendered":"https:\/\/www.signaturebya.com\/?post_type=product&#038;p=9684"},"modified":"2024-03-03T16:59:42","modified_gmt":"2024-03-03T15:59:42","slug":"cubes-black-white-en-resine","status":"publish","type":"product","link":"https:\/\/www.signaturebya.com\/?product=cubes-black-white-en-resine","title":{"rendered":"Cubes Black &#038; White en R\u00e9sine"},"content":{"rendered":"","protected":false},"excerpt":{"rendered":"<p>Ces cubes d\u00e9coratifs en noir &amp; blanc compl\u00e8tent parfaitement votre collection noir &amp; blanc. Fabriqu\u00e9s \u00e0 base de r\u00e9sine, ils p\u00e8sent assez lourd et s&rsquo;imposent dans toute d\u00e9coration d&rsquo;int\u00e9rieur simple, chic et tendance. Ce mod\u00e8le est disponible en plusieurs formats. Pour un meilleur rendu, il est conseill\u00e9 d&rsquo;associer deux tailles diff\u00e9rentes, dispos\u00e9es sur un beau livre d\u00e9coratif de notre collection.<\/p>\n<p>Veuillez s\u00e9lectionner les dimensions de votre choix dans &lsquo;choisir une option&rsquo; ci-dessous:<\/p>\n","protected":false},"featured_media":9688,"comment_status":"open","ping_status":"closed","template":"","meta":[],"product_cat":[103,119,105,110,112],"product_tag":[],"_links":{"self":[{"href":"https:\/\/www.signaturebya.com\/index.php?rest_route=\/wp\/v2\/product\/9684"}],"collection":[{"href":"https:\/\/www.signaturebya.com\/index.php?rest_route=\/wp\/v2\/product"}],"about":[{"href":"https:\/\/www.signaturebya.com\/index.php?rest_route=\/wp\/v2\/types\/product"}],"replies":[{"embeddable":true,"href":"https:\/\/www.signaturebya.com\/index.php?rest_route=%2Fwp%2Fv2%2Fcomments&post=9684"}],"wp:featuredmedia":[{"embeddable":true,"href":"https:\/\/www.signaturebya.com\/index.php?rest_route=\/wp\/v2\/media\/9688"}],"wp:attachment":[{"href":"https:\/\/www.signaturebya.com\/index.php?rest_route=%2Fwp%2Fv2%2Fmedia&parent=9684"}],"wp:term":[{"taxonomy":"product_cat","embeddable":true,"href":"https:\/\/www.signaturebya.com\/index.php?rest_route=%2Fwp%2Fv2%2Fproduct_cat&post=9684"},{"taxonomy":"product_tag","embeddable":true,"href":"https:\/\/www.signaturebya.com\/index.php?rest_route=%2Fwp%2Fv2%2Fproduct_tag&post=9684"}],"curies":[{"name":"wp","href":"https:\/\/api.w.org\/{rel}","templated":true}]}}