{"id":9708,"date":"2023-05-24T19:38:39","date_gmt":"2023-05-24T18:38:39","guid":{"rendered":"https:\/\/www.signaturebya.com\/?post_type=product&#038;p=9708"},"modified":"2024-01-30T09:53:39","modified_gmt":"2024-01-30T08:53:39","slug":"objet-decoratif-noir-blanc-a-rayures","status":"publish","type":"product","link":"https:\/\/www.signaturebya.com\/?product=objet-decoratif-noir-blanc-a-rayures","title":{"rendered":"Objet D\u00e9coratif Noir &#038; Blanc \u00e0 Rayures"},"content":{"rendered":"","protected":false},"excerpt":{"rendered":"<p>Un objet d\u00e9coratif tr\u00e8s original et tr\u00e8s tendance, \u00e0 avoir absolument chez soi ou \u00e0 offrir en cadeau.<\/p>\n<p>Dimensions: 21* 19* 21,5 cm<\/p>\n","protected":false},"featured_media":9709,"comment_status":"open","ping_status":"closed","template":"","meta":[],"product_cat":[103,119,105,112],"product_tag":[],"_links":{"self":[{"href":"https:\/\/www.signaturebya.com\/index.php?rest_route=\/wp\/v2\/product\/9708"}],"collection":[{"href":"https:\/\/www.signaturebya.com\/index.php?rest_route=\/wp\/v2\/product"}],"about":[{"href":"https:\/\/www.signaturebya.com\/index.php?rest_route=\/wp\/v2\/types\/product"}],"replies":[{"embeddable":true,"href":"https:\/\/www.signaturebya.com\/index.php?rest_route=%2Fwp%2Fv2%2Fcomments&post=9708"}],"wp:featuredmedia":[{"embeddable":true,"href":"https:\/\/www.signaturebya.com\/index.php?rest_route=\/wp\/v2\/media\/9709"}],"wp:attachment":[{"href":"https:\/\/www.signaturebya.com\/index.php?rest_route=%2Fwp%2Fv2%2Fmedia&parent=9708"}],"wp:term":[{"taxonomy":"product_cat","embeddable":true,"href":"https:\/\/www.signaturebya.com\/index.php?rest_route=%2Fwp%2Fv2%2Fproduct_cat&post=9708"},{"taxonomy":"product_tag","embeddable":true,"href":"https:\/\/www.signaturebya.com\/index.php?rest_route=%2Fwp%2Fv2%2Fproduct_tag&post=9708"}],"curies":[{"name":"wp","href":"https:\/\/api.w.org\/{rel}","templated":true}]}}