{"id":9710,"date":"2023-05-25T10:04:49","date_gmt":"2023-05-25T09:04:49","guid":{"rendered":"https:\/\/www.signaturebya.com\/?post_type=product&#038;p=9710"},"modified":"2026-04-16T07:03:28","modified_gmt":"2026-04-16T06:03:28","slug":"anneaux-decoratifs-en-resine","status":"publish","type":"product","link":"https:\/\/www.signaturebya.com\/?product=anneaux-decoratifs-en-resine","title":{"rendered":"Anneaux D\u00e9coratifs en R\u00e9sine"},"content":{"rendered":"","protected":false},"excerpt":{"rendered":"<p>Ces anneaux en r\u00e9sine sont imposants, de part leur forme, leur poids cons\u00e9quent et la beaut\u00e9 de leur finition. Ces pi\u00e8ces l\u00e0 existent en deux dimensions diff\u00e9rentes et sont id\u00e9ales pour offrir.<\/p>\n<p>Dimensions: 25,4* 4 * 24,5 cm, 36 *5* 34 cm<\/p>\n<p>&nbsp;<\/p>\n","protected":false},"featured_media":9711,"comment_status":"open","ping_status":"closed","template":"","meta":[],"product_cat":[103,119,110,111],"product_tag":[],"_links":{"self":[{"href":"https:\/\/www.signaturebya.com\/index.php?rest_route=\/wp\/v2\/product\/9710"}],"collection":[{"href":"https:\/\/www.signaturebya.com\/index.php?rest_route=\/wp\/v2\/product"}],"about":[{"href":"https:\/\/www.signaturebya.com\/index.php?rest_route=\/wp\/v2\/types\/product"}],"replies":[{"embeddable":true,"href":"https:\/\/www.signaturebya.com\/index.php?rest_route=%2Fwp%2Fv2%2Fcomments&post=9710"}],"wp:featuredmedia":[{"embeddable":true,"href":"https:\/\/www.signaturebya.com\/index.php?rest_route=\/wp\/v2\/media\/9711"}],"wp:attachment":[{"href":"https:\/\/www.signaturebya.com\/index.php?rest_route=%2Fwp%2Fv2%2Fmedia&parent=9710"}],"wp:term":[{"taxonomy":"product_cat","embeddable":true,"href":"https:\/\/www.signaturebya.com\/index.php?rest_route=%2Fwp%2Fv2%2Fproduct_cat&post=9710"},{"taxonomy":"product_tag","embeddable":true,"href":"https:\/\/www.signaturebya.com\/index.php?rest_route=%2Fwp%2Fv2%2Fproduct_tag&post=9710"}],"curies":[{"name":"wp","href":"https:\/\/api.w.org\/{rel}","templated":true}]}}