{"id":9731,"date":"2023-06-01T12:24:31","date_gmt":"2023-06-01T11:24:31","guid":{"rendered":"https:\/\/www.signaturebya.com\/?post_type=product&#038;p=9731"},"modified":"2025-06-05T08:38:05","modified_gmt":"2025-06-05T07:38:05","slug":"sculpture-long-nose-bleue-en-resine","status":"publish","type":"product","link":"https:\/\/www.signaturebya.com\/?product=sculpture-long-nose-bleue-en-resine","title":{"rendered":"Sculpture &lsquo;Long Nose&rsquo; Bleue en R\u00e9sine"},"content":{"rendered":"","protected":false},"excerpt":{"rendered":"<p>Originale, Fun et tr\u00e8s attrayante, cette sculpture faite en r\u00e9sine ne manquera pas d&rsquo;attirer l&rsquo;attention de vos invit\u00e9s! Sa forme sp\u00e9ciale, sa couleur fra\u00eeche ne font qu&rsquo;augmenter son originalit\u00e9. Existe \u00e9galement en blanc.<\/p>\n<p>Dimensions: 18,5 * 9,5 * 24,5 cm<\/p>\n","protected":false},"featured_media":9650,"comment_status":"open","ping_status":"closed","template":"","meta":[],"product_cat":[103,119,105,111],"product_tag":[],"_links":{"self":[{"href":"https:\/\/www.signaturebya.com\/index.php?rest_route=\/wp\/v2\/product\/9731"}],"collection":[{"href":"https:\/\/www.signaturebya.com\/index.php?rest_route=\/wp\/v2\/product"}],"about":[{"href":"https:\/\/www.signaturebya.com\/index.php?rest_route=\/wp\/v2\/types\/product"}],"replies":[{"embeddable":true,"href":"https:\/\/www.signaturebya.com\/index.php?rest_route=%2Fwp%2Fv2%2Fcomments&post=9731"}],"wp:featuredmedia":[{"embeddable":true,"href":"https:\/\/www.signaturebya.com\/index.php?rest_route=\/wp\/v2\/media\/9650"}],"wp:attachment":[{"href":"https:\/\/www.signaturebya.com\/index.php?rest_route=%2Fwp%2Fv2%2Fmedia&parent=9731"}],"wp:term":[{"taxonomy":"product_cat","embeddable":true,"href":"https:\/\/www.signaturebya.com\/index.php?rest_route=%2Fwp%2Fv2%2Fproduct_cat&post=9731"},{"taxonomy":"product_tag","embeddable":true,"href":"https:\/\/www.signaturebya.com\/index.php?rest_route=%2Fwp%2Fv2%2Fproduct_tag&post=9731"}],"curies":[{"name":"wp","href":"https:\/\/api.w.org\/{rel}","templated":true}]}}