{"id":9734,"date":"2023-06-02T15:33:48","date_gmt":"2023-06-02T14:33:48","guid":{"rendered":"https:\/\/www.signaturebya.com\/?post_type=product&#038;p=9734"},"modified":"2023-07-12T08:58:13","modified_gmt":"2023-07-12T07:58:13","slug":"figurine-noire-en-resine","status":"publish","type":"product","link":"https:\/\/www.signaturebya.com\/?product=figurine-noire-en-resine","title":{"rendered":"Figurine Noire en R\u00e9sine"},"content":{"rendered":"","protected":false},"excerpt":{"rendered":"<p>Figurine noire en r\u00e9sine et m\u00e9tal. Cadre parfaitement avec un style contemporain et minimaliste.<\/p>\n<p>Dimensions: 20 *20* 48,5 cm<\/p>\n","protected":false},"featured_media":9745,"comment_status":"open","ping_status":"closed","template":"","meta":[],"product_cat":[103,119,112],"product_tag":[],"_links":{"self":[{"href":"https:\/\/www.signaturebya.com\/index.php?rest_route=\/wp\/v2\/product\/9734"}],"collection":[{"href":"https:\/\/www.signaturebya.com\/index.php?rest_route=\/wp\/v2\/product"}],"about":[{"href":"https:\/\/www.signaturebya.com\/index.php?rest_route=\/wp\/v2\/types\/product"}],"replies":[{"embeddable":true,"href":"https:\/\/www.signaturebya.com\/index.php?rest_route=%2Fwp%2Fv2%2Fcomments&post=9734"}],"wp:featuredmedia":[{"embeddable":true,"href":"https:\/\/www.signaturebya.com\/index.php?rest_route=\/wp\/v2\/media\/9745"}],"wp:attachment":[{"href":"https:\/\/www.signaturebya.com\/index.php?rest_route=%2Fwp%2Fv2%2Fmedia&parent=9734"}],"wp:term":[{"taxonomy":"product_cat","embeddable":true,"href":"https:\/\/www.signaturebya.com\/index.php?rest_route=%2Fwp%2Fv2%2Fproduct_cat&post=9734"},{"taxonomy":"product_tag","embeddable":true,"href":"https:\/\/www.signaturebya.com\/index.php?rest_route=%2Fwp%2Fv2%2Fproduct_tag&post=9734"}],"curies":[{"name":"wp","href":"https:\/\/api.w.org\/{rel}","templated":true}]}}