{"id":9757,"date":"2023-06-02T16:21:17","date_gmt":"2023-06-02T15:21:17","guid":{"rendered":"https:\/\/www.signaturebya.com\/?post_type=product&#038;p=9757"},"modified":"2023-06-02T16:56:32","modified_gmt":"2023-06-02T15:56:32","slug":"porte-revues-en-acrylique-et-metal","status":"publish","type":"product","link":"https:\/\/www.signaturebya.com\/?product=porte-revues-en-acrylique-et-metal","title":{"rendered":"Porte-revues en Acrylique et M\u00e9tal"},"content":{"rendered":"","protected":false},"excerpt":{"rendered":"<p>Ce porte-revues en acrylique et m\u00e9tal s&rsquo;adapte parfaitement \u00e0 tous les espaces gr\u00e2ce \u00e0 sa transparence et son style simple et sobre.<\/p>\n<p>Dimensions: 30 *15,2* 25 cm<\/p>\n","protected":false},"featured_media":9758,"comment_status":"open","ping_status":"closed","template":"","meta":[],"product_cat":[103,105,110,113],"product_tag":[],"_links":{"self":[{"href":"https:\/\/www.signaturebya.com\/index.php?rest_route=\/wp\/v2\/product\/9757"}],"collection":[{"href":"https:\/\/www.signaturebya.com\/index.php?rest_route=\/wp\/v2\/product"}],"about":[{"href":"https:\/\/www.signaturebya.com\/index.php?rest_route=\/wp\/v2\/types\/product"}],"replies":[{"embeddable":true,"href":"https:\/\/www.signaturebya.com\/index.php?rest_route=%2Fwp%2Fv2%2Fcomments&post=9757"}],"wp:featuredmedia":[{"embeddable":true,"href":"https:\/\/www.signaturebya.com\/index.php?rest_route=\/wp\/v2\/media\/9758"}],"wp:attachment":[{"href":"https:\/\/www.signaturebya.com\/index.php?rest_route=%2Fwp%2Fv2%2Fmedia&parent=9757"}],"wp:term":[{"taxonomy":"product_cat","embeddable":true,"href":"https:\/\/www.signaturebya.com\/index.php?rest_route=%2Fwp%2Fv2%2Fproduct_cat&post=9757"},{"taxonomy":"product_tag","embeddable":true,"href":"https:\/\/www.signaturebya.com\/index.php?rest_route=%2Fwp%2Fv2%2Fproduct_tag&post=9757"}],"curies":[{"name":"wp","href":"https:\/\/api.w.org\/{rel}","templated":true}]}}