{"id":9822,"date":"2023-10-09T18:32:22","date_gmt":"2023-10-09T17:32:22","guid":{"rendered":"https:\/\/www.signaturebya.com\/?post_type=product&#038;p=9822"},"modified":"2024-03-03T16:59:28","modified_gmt":"2024-03-03T15:59:28","slug":"sculpture-geometrique-en-ceramique-b","status":"publish","type":"product","link":"https:\/\/www.signaturebya.com\/?product=sculpture-geometrique-en-ceramique-b","title":{"rendered":"Sculpture G\u00e9om\u00e9trique en C\u00e9ramique B"},"content":{"rendered":"","protected":false},"excerpt":{"rendered":"<p>Cette sculpture g\u00e9om\u00e9trique cadre parfaitement avec une d\u00e9coration dans un esprit minimaliste. N&rsquo;h\u00e9sitez pas associer avec une sculpture de la m\u00eame collection pour un rendu plus impactant.<\/p>\n<p>Dimensions:\u00a0 19* 11* 30,5 cm<\/p>\n","protected":false},"featured_media":9825,"comment_status":"open","ping_status":"closed","template":"","meta":[],"product_cat":[103,105],"product_tag":[],"_links":{"self":[{"href":"https:\/\/www.signaturebya.com\/index.php?rest_route=\/wp\/v2\/product\/9822"}],"collection":[{"href":"https:\/\/www.signaturebya.com\/index.php?rest_route=\/wp\/v2\/product"}],"about":[{"href":"https:\/\/www.signaturebya.com\/index.php?rest_route=\/wp\/v2\/types\/product"}],"replies":[{"embeddable":true,"href":"https:\/\/www.signaturebya.com\/index.php?rest_route=%2Fwp%2Fv2%2Fcomments&post=9822"}],"wp:featuredmedia":[{"embeddable":true,"href":"https:\/\/www.signaturebya.com\/index.php?rest_route=\/wp\/v2\/media\/9825"}],"wp:attachment":[{"href":"https:\/\/www.signaturebya.com\/index.php?rest_route=%2Fwp%2Fv2%2Fmedia&parent=9822"}],"wp:term":[{"taxonomy":"product_cat","embeddable":true,"href":"https:\/\/www.signaturebya.com\/index.php?rest_route=%2Fwp%2Fv2%2Fproduct_cat&post=9822"},{"taxonomy":"product_tag","embeddable":true,"href":"https:\/\/www.signaturebya.com\/index.php?rest_route=%2Fwp%2Fv2%2Fproduct_tag&post=9822"}],"curies":[{"name":"wp","href":"https:\/\/api.w.org\/{rel}","templated":true}]}}