{"id":9839,"date":"2023-10-10T19:26:48","date_gmt":"2023-10-10T18:26:48","guid":{"rendered":"https:\/\/www.signaturebya.com\/?post_type=product&#038;p=9839"},"modified":"2025-06-02T07:24:36","modified_gmt":"2025-06-02T06:24:36","slug":"sculpture-geometrique-en-ceramique-marron","status":"publish","type":"product","link":"https:\/\/www.signaturebya.com\/?product=sculpture-geometrique-en-ceramique-marron","title":{"rendered":"Sculpture G\u00e9om\u00e9trique Marron en C\u00e9ramique"},"content":{"rendered":"","protected":false},"excerpt":{"rendered":"<p>Cette sculpture g\u00e9om\u00e9trique cadre parfaitement avec une d\u00e9coration dans un esprit minimaliste. N&rsquo;h\u00e9sitez pas associer avec une sculpture de la m\u00eame collection pour un rendu plus impactant, notamment avec la sculpture g\u00e9om\u00e9trique B, blanche.<\/p>\n<p>Dimensions: 20,5 * 12 * 38 cm<\/p>\n","protected":false},"featured_media":9840,"comment_status":"open","ping_status":"closed","template":"","meta":[],"product_cat":[103,105],"product_tag":[],"_links":{"self":[{"href":"https:\/\/www.signaturebya.com\/index.php?rest_route=\/wp\/v2\/product\/9839"}],"collection":[{"href":"https:\/\/www.signaturebya.com\/index.php?rest_route=\/wp\/v2\/product"}],"about":[{"href":"https:\/\/www.signaturebya.com\/index.php?rest_route=\/wp\/v2\/types\/product"}],"replies":[{"embeddable":true,"href":"https:\/\/www.signaturebya.com\/index.php?rest_route=%2Fwp%2Fv2%2Fcomments&post=9839"}],"wp:featuredmedia":[{"embeddable":true,"href":"https:\/\/www.signaturebya.com\/index.php?rest_route=\/wp\/v2\/media\/9840"}],"wp:attachment":[{"href":"https:\/\/www.signaturebya.com\/index.php?rest_route=%2Fwp%2Fv2%2Fmedia&parent=9839"}],"wp:term":[{"taxonomy":"product_cat","embeddable":true,"href":"https:\/\/www.signaturebya.com\/index.php?rest_route=%2Fwp%2Fv2%2Fproduct_cat&post=9839"},{"taxonomy":"product_tag","embeddable":true,"href":"https:\/\/www.signaturebya.com\/index.php?rest_route=%2Fwp%2Fv2%2Fproduct_tag&post=9839"}],"curies":[{"name":"wp","href":"https:\/\/api.w.org\/{rel}","templated":true}]}}