{"id":9844,"date":"2023-10-10T19:51:08","date_gmt":"2023-10-10T18:51:08","guid":{"rendered":"https:\/\/www.signaturebya.com\/?post_type=product&#038;p=9844"},"modified":"2024-09-08T21:52:16","modified_gmt":"2024-09-08T20:52:16","slug":"le-ring-blanc-en-ceramique","status":"publish","type":"product","link":"https:\/\/www.signaturebya.com\/?product=le-ring-blanc-en-ceramique","title":{"rendered":"Le &lsquo;Ring&rsquo; Blanc en C\u00e9ramique"},"content":{"rendered":"","protected":false},"excerpt":{"rendered":"<p>Un objet tr\u00e8s original, se fond facilement dans toutes les d\u00e9corations d&rsquo;int\u00e9rieur. \u00c0 disposer sur un livre d\u00e9coratif de notre collection.<\/p>\n<p>Dimensions: 28 * 10,5 * 28*<\/p>\n","protected":false},"featured_media":9850,"comment_status":"open","ping_status":"closed","template":"","meta":[],"product_cat":[15],"product_tag":[],"_links":{"self":[{"href":"https:\/\/www.signaturebya.com\/index.php?rest_route=\/wp\/v2\/product\/9844"}],"collection":[{"href":"https:\/\/www.signaturebya.com\/index.php?rest_route=\/wp\/v2\/product"}],"about":[{"href":"https:\/\/www.signaturebya.com\/index.php?rest_route=\/wp\/v2\/types\/product"}],"replies":[{"embeddable":true,"href":"https:\/\/www.signaturebya.com\/index.php?rest_route=%2Fwp%2Fv2%2Fcomments&post=9844"}],"wp:featuredmedia":[{"embeddable":true,"href":"https:\/\/www.signaturebya.com\/index.php?rest_route=\/wp\/v2\/media\/9850"}],"wp:attachment":[{"href":"https:\/\/www.signaturebya.com\/index.php?rest_route=%2Fwp%2Fv2%2Fmedia&parent=9844"}],"wp:term":[{"taxonomy":"product_cat","embeddable":true,"href":"https:\/\/www.signaturebya.com\/index.php?rest_route=%2Fwp%2Fv2%2Fproduct_cat&post=9844"},{"taxonomy":"product_tag","embeddable":true,"href":"https:\/\/www.signaturebya.com\/index.php?rest_route=%2Fwp%2Fv2%2Fproduct_tag&post=9844"}],"curies":[{"name":"wp","href":"https:\/\/api.w.org\/{rel}","templated":true}]}}