{"id":9858,"date":"2023-10-10T20:46:16","date_gmt":"2023-10-10T19:46:16","guid":{"rendered":"https:\/\/www.signaturebya.com\/?post_type=product&#038;p=9858"},"modified":"2024-10-20T13:31:20","modified_gmt":"2024-10-20T12:31:20","slug":"objet-decoratif-marron-en-ceramique","status":"publish","type":"product","link":"https:\/\/www.signaturebya.com\/?product=objet-decoratif-marron-en-ceramique","title":{"rendered":"Objet D\u00e9coratif Marron en C\u00e9ramique"},"content":{"rendered":"","protected":false},"excerpt":{"rendered":"<p>Cet \u00e9l\u00e9ment d\u00e9coratif, faisant partie de la collection d&rsquo;objets d\u00e9coratifs de style minimaliste, se distingue par son caract\u00e8re intemporel et ses nuances de couleurs naturelles.<\/p>\n<p>Dimensions: 15,6 * 7,2 * 24 cm<\/p>\n","protected":false},"featured_media":9863,"comment_status":"open","ping_status":"closed","template":"","meta":[],"product_cat":[103,105],"product_tag":[],"_links":{"self":[{"href":"https:\/\/www.signaturebya.com\/index.php?rest_route=\/wp\/v2\/product\/9858"}],"collection":[{"href":"https:\/\/www.signaturebya.com\/index.php?rest_route=\/wp\/v2\/product"}],"about":[{"href":"https:\/\/www.signaturebya.com\/index.php?rest_route=\/wp\/v2\/types\/product"}],"replies":[{"embeddable":true,"href":"https:\/\/www.signaturebya.com\/index.php?rest_route=%2Fwp%2Fv2%2Fcomments&post=9858"}],"wp:featuredmedia":[{"embeddable":true,"href":"https:\/\/www.signaturebya.com\/index.php?rest_route=\/wp\/v2\/media\/9863"}],"wp:attachment":[{"href":"https:\/\/www.signaturebya.com\/index.php?rest_route=%2Fwp%2Fv2%2Fmedia&parent=9858"}],"wp:term":[{"taxonomy":"product_cat","embeddable":true,"href":"https:\/\/www.signaturebya.com\/index.php?rest_route=%2Fwp%2Fv2%2Fproduct_cat&post=9858"},{"taxonomy":"product_tag","embeddable":true,"href":"https:\/\/www.signaturebya.com\/index.php?rest_route=%2Fwp%2Fv2%2Fproduct_tag&post=9858"}],"curies":[{"name":"wp","href":"https:\/\/api.w.org\/{rel}","templated":true}]}}