{"id":9890,"date":"2023-10-12T18:39:47","date_gmt":"2023-10-12T17:39:47","guid":{"rendered":"https:\/\/www.signaturebya.com\/?post_type=product&#038;p=9890"},"modified":"2024-09-01T15:45:20","modified_gmt":"2024-09-01T14:45:20","slug":"objet-decoratif-avec-boule-doree","status":"publish","type":"product","link":"https:\/\/www.signaturebya.com\/?product=objet-decoratif-avec-boule-doree","title":{"rendered":"Objet D\u00e9coratif avec Boule Dor\u00e9e"},"content":{"rendered":"","protected":false},"excerpt":{"rendered":"<p>Objet d\u00e9coratif en r\u00e9sine avec boule dor\u00e9e.<\/p>\n<p>Dimensions: 29* 11,5 * 34 cm<\/p>\n<p>&nbsp;<\/p>\n<p>&nbsp;<\/p>\n","protected":false},"featured_media":9893,"comment_status":"open","ping_status":"closed","template":"","meta":[],"product_cat":[103,119,105,284,112,223],"product_tag":[],"_links":{"self":[{"href":"https:\/\/www.signaturebya.com\/index.php?rest_route=\/wp\/v2\/product\/9890"}],"collection":[{"href":"https:\/\/www.signaturebya.com\/index.php?rest_route=\/wp\/v2\/product"}],"about":[{"href":"https:\/\/www.signaturebya.com\/index.php?rest_route=\/wp\/v2\/types\/product"}],"replies":[{"embeddable":true,"href":"https:\/\/www.signaturebya.com\/index.php?rest_route=%2Fwp%2Fv2%2Fcomments&post=9890"}],"wp:featuredmedia":[{"embeddable":true,"href":"https:\/\/www.signaturebya.com\/index.php?rest_route=\/wp\/v2\/media\/9893"}],"wp:attachment":[{"href":"https:\/\/www.signaturebya.com\/index.php?rest_route=%2Fwp%2Fv2%2Fmedia&parent=9890"}],"wp:term":[{"taxonomy":"product_cat","embeddable":true,"href":"https:\/\/www.signaturebya.com\/index.php?rest_route=%2Fwp%2Fv2%2Fproduct_cat&post=9890"},{"taxonomy":"product_tag","embeddable":true,"href":"https:\/\/www.signaturebya.com\/index.php?rest_route=%2Fwp%2Fv2%2Fproduct_tag&post=9890"}],"curies":[{"name":"wp","href":"https:\/\/api.w.org\/{rel}","templated":true}]}}