{"id":9898,"date":"2023-10-12T18:51:27","date_gmt":"2023-10-12T17:51:27","guid":{"rendered":"https:\/\/www.signaturebya.com\/?post_type=product&#038;p=9898"},"modified":"2025-06-05T08:38:05","modified_gmt":"2025-06-05T07:38:05","slug":"statuette-sitting-detective-en-metal","status":"publish","type":"product","link":"https:\/\/www.signaturebya.com\/?product=statuette-sitting-detective-en-metal","title":{"rendered":"Statuette &lsquo;Sitting Detective&rsquo; en M\u00e9tal"},"content":{"rendered":"","protected":false},"excerpt":{"rendered":"<p>Statuette en m\u00e9tal &lsquo;the sitting detective&rsquo;, fine et tr\u00e8s originale.<\/p>\n<p>Dimensions: 11.2*12.8*36.7cm<\/p>\n<p>&nbsp;<\/p>\n<p>&nbsp;<\/p>\n","protected":false},"featured_media":9903,"comment_status":"open","ping_status":"closed","template":"","meta":[],"product_cat":[103,105,284,112],"product_tag":[],"_links":{"self":[{"href":"https:\/\/www.signaturebya.com\/index.php?rest_route=\/wp\/v2\/product\/9898"}],"collection":[{"href":"https:\/\/www.signaturebya.com\/index.php?rest_route=\/wp\/v2\/product"}],"about":[{"href":"https:\/\/www.signaturebya.com\/index.php?rest_route=\/wp\/v2\/types\/product"}],"replies":[{"embeddable":true,"href":"https:\/\/www.signaturebya.com\/index.php?rest_route=%2Fwp%2Fv2%2Fcomments&post=9898"}],"wp:featuredmedia":[{"embeddable":true,"href":"https:\/\/www.signaturebya.com\/index.php?rest_route=\/wp\/v2\/media\/9903"}],"wp:attachment":[{"href":"https:\/\/www.signaturebya.com\/index.php?rest_route=%2Fwp%2Fv2%2Fmedia&parent=9898"}],"wp:term":[{"taxonomy":"product_cat","embeddable":true,"href":"https:\/\/www.signaturebya.com\/index.php?rest_route=%2Fwp%2Fv2%2Fproduct_cat&post=9898"},{"taxonomy":"product_tag","embeddable":true,"href":"https:\/\/www.signaturebya.com\/index.php?rest_route=%2Fwp%2Fv2%2Fproduct_tag&post=9898"}],"curies":[{"name":"wp","href":"https:\/\/api.w.org\/{rel}","templated":true}]}}