{"id":9910,"date":"2023-10-12T19:06:21","date_gmt":"2023-10-12T18:06:21","guid":{"rendered":"https:\/\/www.signaturebya.com\/?post_type=product&#038;p=9910"},"modified":"2024-01-27T08:16:05","modified_gmt":"2024-01-27T07:16:05","slug":"arc-en-bois-gris-et-metal-b","status":"publish","type":"product","link":"https:\/\/www.signaturebya.com\/?product=arc-en-bois-gris-et-metal-b","title":{"rendered":"Arc en Bois Gris et M\u00e9tal B"},"content":{"rendered":"","protected":false},"excerpt":{"rendered":"<p>Tr\u00e8s bel \u00e9l\u00e9ment en bois et m\u00e9tal \u00e0 disposer id\u00e9alement avec le m\u00eame mod\u00e8le en plus grand pour un plus joli r\u00e9sultat.<\/p>\n<p>Dimensions: 16*5*23 cm<\/p>\n<p>&nbsp;<\/p>\n","protected":false},"featured_media":9907,"comment_status":"open","ping_status":"closed","template":"","meta":[],"product_cat":[103,105,112],"product_tag":[],"_links":{"self":[{"href":"https:\/\/www.signaturebya.com\/index.php?rest_route=\/wp\/v2\/product\/9910"}],"collection":[{"href":"https:\/\/www.signaturebya.com\/index.php?rest_route=\/wp\/v2\/product"}],"about":[{"href":"https:\/\/www.signaturebya.com\/index.php?rest_route=\/wp\/v2\/types\/product"}],"replies":[{"embeddable":true,"href":"https:\/\/www.signaturebya.com\/index.php?rest_route=%2Fwp%2Fv2%2Fcomments&post=9910"}],"wp:featuredmedia":[{"embeddable":true,"href":"https:\/\/www.signaturebya.com\/index.php?rest_route=\/wp\/v2\/media\/9907"}],"wp:attachment":[{"href":"https:\/\/www.signaturebya.com\/index.php?rest_route=%2Fwp%2Fv2%2Fmedia&parent=9910"}],"wp:term":[{"taxonomy":"product_cat","embeddable":true,"href":"https:\/\/www.signaturebya.com\/index.php?rest_route=%2Fwp%2Fv2%2Fproduct_cat&post=9910"},{"taxonomy":"product_tag","embeddable":true,"href":"https:\/\/www.signaturebya.com\/index.php?rest_route=%2Fwp%2Fv2%2Fproduct_tag&post=9910"}],"curies":[{"name":"wp","href":"https:\/\/api.w.org\/{rel}","templated":true}]}}