{"id":9911,"date":"2023-10-12T19:15:02","date_gmt":"2023-10-12T18:15:02","guid":{"rendered":"https:\/\/www.signaturebya.com\/?post_type=product&#038;p=9911"},"modified":"2024-03-07T10:44:21","modified_gmt":"2024-03-07T09:44:21","slug":"porte-serviette-en-metal-effet-bois","status":"publish","type":"product","link":"https:\/\/www.signaturebya.com\/?product=porte-serviette-en-metal-effet-bois","title":{"rendered":"Porte-Serviette en M\u00e9tal Effet Bois"},"content":{"rendered":"","protected":false},"excerpt":{"rendered":"<p>Tr\u00e8s joli porte-serviette en m\u00e9tal effet bois, avec une petite touche dor\u00e9e.<\/p>\n<p>Dimensions: 18*15.6*10cm<\/p>\n","protected":false},"featured_media":9917,"comment_status":"open","ping_status":"closed","template":"","meta":[],"product_cat":[103,115],"product_tag":[],"_links":{"self":[{"href":"https:\/\/www.signaturebya.com\/index.php?rest_route=\/wp\/v2\/product\/9911"}],"collection":[{"href":"https:\/\/www.signaturebya.com\/index.php?rest_route=\/wp\/v2\/product"}],"about":[{"href":"https:\/\/www.signaturebya.com\/index.php?rest_route=\/wp\/v2\/types\/product"}],"replies":[{"embeddable":true,"href":"https:\/\/www.signaturebya.com\/index.php?rest_route=%2Fwp%2Fv2%2Fcomments&post=9911"}],"wp:featuredmedia":[{"embeddable":true,"href":"https:\/\/www.signaturebya.com\/index.php?rest_route=\/wp\/v2\/media\/9917"}],"wp:attachment":[{"href":"https:\/\/www.signaturebya.com\/index.php?rest_route=%2Fwp%2Fv2%2Fmedia&parent=9911"}],"wp:term":[{"taxonomy":"product_cat","embeddable":true,"href":"https:\/\/www.signaturebya.com\/index.php?rest_route=%2Fwp%2Fv2%2Fproduct_cat&post=9911"},{"taxonomy":"product_tag","embeddable":true,"href":"https:\/\/www.signaturebya.com\/index.php?rest_route=%2Fwp%2Fv2%2Fproduct_tag&post=9911"}],"curies":[{"name":"wp","href":"https:\/\/api.w.org\/{rel}","templated":true}]}}