{"id":9926,"date":"2023-10-12T19:23:39","date_gmt":"2023-10-12T18:23:39","guid":{"rendered":"https:\/\/www.signaturebya.com\/?post_type=product&#038;p=9926"},"modified":"2024-01-30T09:53:40","modified_gmt":"2024-01-30T08:53:40","slug":"porte-serviette-en-metal-dore-et-cuir","status":"publish","type":"product","link":"https:\/\/www.signaturebya.com\/?product=porte-serviette-en-metal-dore-et-cuir","title":{"rendered":"Porte-Serviette en M\u00e9tal Dor\u00e9 et Cuir"},"content":{"rendered":"","protected":false},"excerpt":{"rendered":"<p>Tr\u00e8s joli porte-serviette en m\u00e9tal argent\u00e9 et cuir. Un accessoire tr\u00e8s chic pour pr\u00e9senter des serviettes \u00e0 vos invit\u00e9s.<\/p>\n<p>Dimensions: 19.3*19*5.8cm<\/p>\n","protected":false},"featured_media":9924,"comment_status":"open","ping_status":"closed","template":"","meta":[],"product_cat":[103,115],"product_tag":[],"_links":{"self":[{"href":"https:\/\/www.signaturebya.com\/index.php?rest_route=\/wp\/v2\/product\/9926"}],"collection":[{"href":"https:\/\/www.signaturebya.com\/index.php?rest_route=\/wp\/v2\/product"}],"about":[{"href":"https:\/\/www.signaturebya.com\/index.php?rest_route=\/wp\/v2\/types\/product"}],"replies":[{"embeddable":true,"href":"https:\/\/www.signaturebya.com\/index.php?rest_route=%2Fwp%2Fv2%2Fcomments&post=9926"}],"wp:featuredmedia":[{"embeddable":true,"href":"https:\/\/www.signaturebya.com\/index.php?rest_route=\/wp\/v2\/media\/9924"}],"wp:attachment":[{"href":"https:\/\/www.signaturebya.com\/index.php?rest_route=%2Fwp%2Fv2%2Fmedia&parent=9926"}],"wp:term":[{"taxonomy":"product_cat","embeddable":true,"href":"https:\/\/www.signaturebya.com\/index.php?rest_route=%2Fwp%2Fv2%2Fproduct_cat&post=9926"},{"taxonomy":"product_tag","embeddable":true,"href":"https:\/\/www.signaturebya.com\/index.php?rest_route=%2Fwp%2Fv2%2Fproduct_tag&post=9926"}],"curies":[{"name":"wp","href":"https:\/\/api.w.org\/{rel}","templated":true}]}}