{"id":9939,"date":"2023-10-12T19:34:45","date_gmt":"2023-10-12T18:34:45","guid":{"rendered":"https:\/\/www.signaturebya.com\/?post_type=product&#038;p=9939"},"modified":"2024-03-03T11:43:29","modified_gmt":"2024-03-03T10:43:29","slug":"petit-bol-a-fruits-argente-en-ceramique","status":"publish","type":"product","link":"https:\/\/www.signaturebya.com\/?product=petit-bol-a-fruits-argente-en-ceramique","title":{"rendered":"Petit Bol \u00e0 Fruits Argent\u00e9 en C\u00e9ramique"},"content":{"rendered":"","protected":false},"excerpt":{"rendered":"<p>Magnifique bol en m\u00e9tal argent\u00e9 pour servir des fruits ou autres, mais plus encore, c&rsquo;est un \u00e9l\u00e9ment d\u00e9coratif \u00e0 grande valeur ajout\u00e9e \u00e0 votre table.<\/p>\n<p>Dimensions: 15*15*5,7cm<\/p>\n","protected":false},"featured_media":9931,"comment_status":"open","ping_status":"closed","template":"","meta":[],"product_cat":[103,115],"product_tag":[],"_links":{"self":[{"href":"https:\/\/www.signaturebya.com\/index.php?rest_route=\/wp\/v2\/product\/9939"}],"collection":[{"href":"https:\/\/www.signaturebya.com\/index.php?rest_route=\/wp\/v2\/product"}],"about":[{"href":"https:\/\/www.signaturebya.com\/index.php?rest_route=\/wp\/v2\/types\/product"}],"replies":[{"embeddable":true,"href":"https:\/\/www.signaturebya.com\/index.php?rest_route=%2Fwp%2Fv2%2Fcomments&post=9939"}],"wp:featuredmedia":[{"embeddable":true,"href":"https:\/\/www.signaturebya.com\/index.php?rest_route=\/wp\/v2\/media\/9931"}],"wp:attachment":[{"href":"https:\/\/www.signaturebya.com\/index.php?rest_route=%2Fwp%2Fv2%2Fmedia&parent=9939"}],"wp:term":[{"taxonomy":"product_cat","embeddable":true,"href":"https:\/\/www.signaturebya.com\/index.php?rest_route=%2Fwp%2Fv2%2Fproduct_cat&post=9939"},{"taxonomy":"product_tag","embeddable":true,"href":"https:\/\/www.signaturebya.com\/index.php?rest_route=%2Fwp%2Fv2%2Fproduct_tag&post=9939"}],"curies":[{"name":"wp","href":"https:\/\/api.w.org\/{rel}","templated":true}]}}