{"id":9940,"date":"2023-10-13T07:33:11","date_gmt":"2023-10-13T06:33:11","guid":{"rendered":"https:\/\/www.signaturebya.com\/?post_type=product&#038;p=9940"},"modified":"2024-09-01T17:15:17","modified_gmt":"2024-09-01T16:15:17","slug":"vase-a-3-pieds-effet-vieillit-en-ceramique","status":"publish","type":"product","link":"https:\/\/www.signaturebya.com\/?product=vase-a-3-pieds-effet-vieillit-en-ceramique","title":{"rendered":"Vase \u00e0 3 pieds Effet Vieillit en C\u00e9ramique"},"content":{"rendered":"","protected":false},"excerpt":{"rendered":"<p>Tr\u00e8s joli vase \u00e0 3 pieds avec un effet vieillit, cadre parfaitement avec une d\u00e9coration de style minimaliste.<\/p>\n<p>Dimensions: 18.4* 9 *25 cm<\/p>\n<p>&nbsp;<\/p>\n<p>&nbsp;<\/p>\n","protected":false},"featured_media":9944,"comment_status":"open","ping_status":"closed","template":"","meta":[],"product_cat":[103,104,284],"product_tag":[],"_links":{"self":[{"href":"https:\/\/www.signaturebya.com\/index.php?rest_route=\/wp\/v2\/product\/9940"}],"collection":[{"href":"https:\/\/www.signaturebya.com\/index.php?rest_route=\/wp\/v2\/product"}],"about":[{"href":"https:\/\/www.signaturebya.com\/index.php?rest_route=\/wp\/v2\/types\/product"}],"replies":[{"embeddable":true,"href":"https:\/\/www.signaturebya.com\/index.php?rest_route=%2Fwp%2Fv2%2Fcomments&post=9940"}],"wp:featuredmedia":[{"embeddable":true,"href":"https:\/\/www.signaturebya.com\/index.php?rest_route=\/wp\/v2\/media\/9944"}],"wp:attachment":[{"href":"https:\/\/www.signaturebya.com\/index.php?rest_route=%2Fwp%2Fv2%2Fmedia&parent=9940"}],"wp:term":[{"taxonomy":"product_cat","embeddable":true,"href":"https:\/\/www.signaturebya.com\/index.php?rest_route=%2Fwp%2Fv2%2Fproduct_cat&post=9940"},{"taxonomy":"product_tag","embeddable":true,"href":"https:\/\/www.signaturebya.com\/index.php?rest_route=%2Fwp%2Fv2%2Fproduct_tag&post=9940"}],"curies":[{"name":"wp","href":"https:\/\/api.w.org\/{rel}","templated":true}]}}