{"id":9970,"date":"2023-10-13T08:36:06","date_gmt":"2023-10-13T07:36:06","guid":{"rendered":"https:\/\/www.signaturebya.com\/?post_type=product&#038;p=9970"},"modified":"2025-06-05T08:38:05","modified_gmt":"2025-06-05T07:38:05","slug":"statuette-hug-en-ceramique","status":"publish","type":"product","link":"https:\/\/www.signaturebya.com\/?product=statuette-hug-en-ceramique","title":{"rendered":"Statuette &lsquo;Hug&rsquo; en C\u00e9ramique"},"content":{"rendered":"","protected":false},"excerpt":{"rendered":"<p>Une statuette des plus originales repr\u00e9sentant un grand &lsquo;C\u00e2lin&rsquo;. Une belle id\u00e9e cadeau!<\/p>\n<p>Dimensions: 23.8*8*29 cm<\/p>\n","protected":false},"featured_media":9974,"comment_status":"open","ping_status":"closed","template":"","meta":[],"product_cat":[103,105,284],"product_tag":[],"_links":{"self":[{"href":"https:\/\/www.signaturebya.com\/index.php?rest_route=\/wp\/v2\/product\/9970"}],"collection":[{"href":"https:\/\/www.signaturebya.com\/index.php?rest_route=\/wp\/v2\/product"}],"about":[{"href":"https:\/\/www.signaturebya.com\/index.php?rest_route=\/wp\/v2\/types\/product"}],"replies":[{"embeddable":true,"href":"https:\/\/www.signaturebya.com\/index.php?rest_route=%2Fwp%2Fv2%2Fcomments&post=9970"}],"wp:featuredmedia":[{"embeddable":true,"href":"https:\/\/www.signaturebya.com\/index.php?rest_route=\/wp\/v2\/media\/9974"}],"wp:attachment":[{"href":"https:\/\/www.signaturebya.com\/index.php?rest_route=%2Fwp%2Fv2%2Fmedia&parent=9970"}],"wp:term":[{"taxonomy":"product_cat","embeddable":true,"href":"https:\/\/www.signaturebya.com\/index.php?rest_route=%2Fwp%2Fv2%2Fproduct_cat&post=9970"},{"taxonomy":"product_tag","embeddable":true,"href":"https:\/\/www.signaturebya.com\/index.php?rest_route=%2Fwp%2Fv2%2Fproduct_tag&post=9970"}],"curies":[{"name":"wp","href":"https:\/\/api.w.org\/{rel}","templated":true}]}}